{"id":48487,"date":"2023-12-20T19:57:26","date_gmt":"2023-12-20T16:57:26","guid":{"rendered":"http:\/\/zenar.com.tr\/?page_id=48487"},"modified":"2024-01-30T11:44:01","modified_gmt":"2024-01-30T08:44:01","slug":"musterilerimiz","status":"publish","type":"page","link":"https:\/\/zenar.com.tr\/index.php\/musterilerimiz\/","title":{"rendered":"\u0130\u015fbirliklerimiz"},"content":{"rendered":"<p>Yap\u0131m A\u015famas\u0131ndad\u0131r.<\/p>\n","protected":false},"excerpt":{"rendered":"<p>Yap\u0131m A\u015famas\u0131ndad\u0131r.<\/p>\n","protected":false},"author":1,"featured_media":0,"parent":0,"menu_order":0,"comment_status":"closed","ping_status":"closed","template":"","meta":{"footnotes":""},"class_list":["post-48487","page","type-page","status-publish","hentry"],"aioseo_notices":[],"_links":{"self":[{"href":"https:\/\/zenar.com.tr\/index.php\/wp-json\/wp\/v2\/pages\/48487","targetHints":{"allow":["GET"]}}],"collection":[{"href":"https:\/\/zenar.com.tr\/index.php\/wp-json\/wp\/v2\/pages"}],"about":[{"href":"https:\/\/zenar.com.tr\/index.php\/wp-json\/wp\/v2\/types\/page"}],"author":[{"embeddable":true,"href":"https:\/\/zenar.com.tr\/index.php\/wp-json\/wp\/v2\/users\/1"}],"replies":[{"embeddable":true,"href":"https:\/\/zenar.com.tr\/index.php\/wp-json\/wp\/v2\/comments?post=48487"}],"version-history":[{"count":3,"href":"https:\/\/zenar.com.tr\/index.php\/wp-json\/wp\/v2\/pages\/48487\/revisions"}],"predecessor-version":[{"id":48746,"href":"https:\/\/zenar.com.tr\/index.php\/wp-json\/wp\/v2\/pages\/48487\/revisions\/48746"}],"wp:attachment":[{"href":"https:\/\/zenar.com.tr\/index.php\/wp-json\/wp\/v2\/media?parent=48487"}],"curies":[{"name":"wp","href":"https:\/\/api.w.org\/{rel}","templated":true}]}}