{"id":48482,"date":"2023-12-20T19:57:03","date_gmt":"2023-12-20T16:57:03","guid":{"rendered":"http:\/\/zenar.com.tr\/?page_id=48482"},"modified":"2023-12-20T21:20:25","modified_gmt":"2023-12-20T18:20:25","slug":"hedef-kitlemiz","status":"publish","type":"page","link":"https:\/\/zenar.com.tr\/index.php\/hedef-kitlemiz\/","title":{"rendered":"Hedef Kitlemiz"},"content":{"rendered":"\t\t<div data-elementor-type=\"wp-page\" data-elementor-id=\"48482\" class=\"elementor elementor-48482\" data-elementor-post-type=\"page\">\n\t\t\t\t\t\t\t<div class=\"elementor-element elementor-element-2ee8c2c2 e-flex e-con-boxed e-con e-parent\" data-id=\"2ee8c2c2\" data-element_type=\"container\" data-settings=\"{&quot;content_width&quot;:&quot;boxed&quot;}\" data-core-v316-plus=\"true\">\n\t\t\t\t\t<div class=\"e-con-inner\">\n\t\t\t\t<div class=\"elementor-element elementor-element-27655784 elementor-widget elementor-widget-text-editor\" data-id=\"27655784\" data-element_type=\"widget\" data-widget_type=\"text-editor.default\">\n\t\t\t\t<div class=\"elementor-widget-container\">\n\t\t\t<style>\/*! elementor - v3.18.0 - 20-12-2023 *\/\n.elementor-widget-text-editor.elementor-drop-cap-view-stacked .elementor-drop-cap{background-color:#69727d;color:#fff}.elementor-widget-text-editor.elementor-drop-cap-view-framed .elementor-drop-cap{color:#69727d;border:3px solid;background-color:transparent}.elementor-widget-text-editor:not(.elementor-drop-cap-view-default) .elementor-drop-cap{margin-top:8px}.elementor-widget-text-editor:not(.elementor-drop-cap-view-default) .elementor-drop-cap-letter{width:1em;height:1em}.elementor-widget-text-editor .elementor-drop-cap{float:left;text-align:center;line-height:1;font-size:50px}.elementor-widget-text-editor .elementor-drop-cap-letter{display:inline-block}<\/style>\t\t\t\tT\u00fcrkiye ve D\u00fcnya\u2019da ZENAR ile \u00e7\u00f6z\u00fcmler sunmak hedefimizdir.\r\n\r\n<strong>Z<\/strong><strong>ENAR,<\/strong> <strong>Ulusal ve Uluslararas\u0131 arenada \u00e7\u00f6z\u00fcm aray\u0131\u015f\u0131nda gelinen son noktad\u0131r.<\/strong>\t\t\t\t\t\t<\/div>\n\t\t\t\t<\/div>\n\t\t\t\t\t<\/div>\n\t\t\t\t<\/div>\n\t\t<div class=\"elementor-element elementor-element-d036b2e e-flex e-con-boxed e-con e-parent\" data-id=\"d036b2e\" data-element_type=\"container\" data-settings=\"{&quot;content_width&quot;:&quot;boxed&quot;}\" data-core-v316-plus=\"true\">\n\t\t\t\t\t<div class=\"e-con-inner\">\n\t\t<div class=\"elementor-element elementor-element-06c1e04 e-con-full e-flex e-con e-child\" data-id=\"06c1e04\" data-element_type=\"container\" data-settings=\"{&quot;content_width&quot;:&quot;full&quot;}\">\n\t\t\t\t<div class=\"elementor-element elementor-element-2576f1e elementor-widget elementor-widget-tm-ele-info-box\" data-id=\"2576f1e\" data-element_type=\"widget\" data-widget_type=\"tm-ele-info-box.skin-style8\">\n\t\t\t\t<div class=\"elementor-widget-container\">\n\t\t\t<div class=\"tm-sc-info-box tm-info-box-skin8\">\r\n  <div class=\"info-box-wrapper\">\r\n    <div class=\"icon-wrapper elementor-icon\"><\/div>\r\n    <div class=\"info-text\">\r\n      \r\n            <h4 class=\"title\">\r\n                  Gen\u00e7ler              <\/h4>\r\n            <div class=\"text\"><\/div>\r\n    <\/div>\r\n        <div class=\"bottom-circle\"><\/div>\r\n  <\/div>\r\n<\/div>\t\t<\/div>\n\t\t\t\t<\/div>\n\t\t\t\t<div class=\"elementor-element elementor-element-19810af elementor-widget elementor-widget-tm-ele-info-box\" data-id=\"19810af\" data-element_type=\"widget\" data-widget_type=\"tm-ele-info-box.skin-style8\">\n\t\t\t\t<div class=\"elementor-widget-container\">\n\t\t\t<div class=\"tm-sc-info-box tm-info-box-skin8\">\r\n  <div class=\"info-box-wrapper\">\r\n    <div class=\"icon-wrapper elementor-icon\"><\/div>\r\n    <div class=\"info-text\">\r\n      \r\n            <h4 class=\"title\">\r\n                  E\u011fitim Kurumlar\u0131              <\/h4>\r\n            <div class=\"text\"><\/div>\r\n    <\/div>\r\n        <div class=\"bottom-circle\"><\/div>\r\n  <\/div>\r\n<\/div>\t\t<\/div>\n\t\t\t\t<\/div>\n\t\t\t\t<div class=\"elementor-element elementor-element-9584428 elementor-widget elementor-widget-tm-ele-info-box\" data-id=\"9584428\" data-element_type=\"widget\" data-widget_type=\"tm-ele-info-box.skin-style8\">\n\t\t\t\t<div class=\"elementor-widget-container\">\n\t\t\t<div class=\"tm-sc-info-box tm-info-box-skin8\">\r\n  <div class=\"info-box-wrapper\">\r\n    <div class=\"icon-wrapper elementor-icon\"><\/div>\r\n    <div class=\"info-text\">\r\n      \r\n            <h4 class=\"title\">\r\n                  Organize Sanayi B.              <\/h4>\r\n            <div class=\"text\"><\/div>\r\n    <\/div>\r\n        <div class=\"bottom-circle\"><\/div>\r\n  <\/div>\r\n<\/div>\t\t<\/div>\n\t\t\t\t<\/div>\n\t\t\t\t<div class=\"elementor-element elementor-element-bd219fc elementor-widget elementor-widget-tm-ele-info-box\" data-id=\"bd219fc\" data-element_type=\"widget\" data-widget_type=\"tm-ele-info-box.skin-style8\">\n\t\t\t\t<div class=\"elementor-widget-container\">\n\t\t\t<div class=\"tm-sc-info-box tm-info-box-skin8\">\r\n  <div class=\"info-box-wrapper\">\r\n    <div class=\"icon-wrapper elementor-icon\"><\/div>\r\n    <div class=\"info-text\">\r\n      \r\n            <h4 class=\"title\">\r\n                  Aile              <\/h4>\r\n            <div class=\"text\"><\/div>\r\n    <\/div>\r\n        <div class=\"bottom-circle\"><\/div>\r\n  <\/div>\r\n<\/div>\t\t<\/div>\n\t\t\t\t<\/div>\n\t\t\t\t<div class=\"elementor-element elementor-element-40d5057 elementor-widget elementor-widget-tm-ele-info-box\" data-id=\"40d5057\" data-element_type=\"widget\" data-widget_type=\"tm-ele-info-box.skin-style8\">\n\t\t\t\t<div class=\"elementor-widget-container\">\n\t\t\t<div class=\"tm-sc-info-box tm-info-box-skin8\">\r\n  <div class=\"info-box-wrapper\">\r\n    <div class=\"icon-wrapper elementor-icon\"><\/div>\r\n    <div class=\"info-text\">\r\n      \r\n            <h4 class=\"title\">\r\n                  \u00d6\u011frenci & \u00d6\u011fretmen              <\/h4>\r\n            <div class=\"text\"><\/div>\r\n    <\/div>\r\n        <div class=\"bottom-circle\"><\/div>\r\n  <\/div>\r\n<\/div>\t\t<\/div>\n\t\t\t\t<\/div>\n\t\t\t\t<div class=\"elementor-element elementor-element-c0608e4 elementor-widget elementor-widget-tm-ele-info-box\" data-id=\"c0608e4\" data-element_type=\"widget\" data-widget_type=\"tm-ele-info-box.skin-style8\">\n\t\t\t\t<div class=\"elementor-widget-container\">\n\t\t\t<div class=\"tm-sc-info-box tm-info-box-skin8\">\r\n  <div class=\"info-box-wrapper\">\r\n    <div class=\"icon-wrapper elementor-icon\"><\/div>\r\n    <div class=\"info-text\">\r\n      \r\n            <h4 class=\"title\">\r\n                  Akademik\nPersonel\n              <\/h4>\r\n            <div class=\"text\"><\/div>\r\n    <\/div>\r\n        <div class=\"bottom-circle\"><\/div>\r\n  <\/div>\r\n<\/div>\t\t<\/div>\n\t\t\t\t<\/div>\n\t\t\t\t<div class=\"elementor-element elementor-element-70ee57b elementor-widget elementor-widget-tm-ele-info-box\" data-id=\"70ee57b\" data-element_type=\"widget\" data-widget_type=\"tm-ele-info-box.skin-style8\">\n\t\t\t\t<div class=\"elementor-widget-container\">\n\t\t\t<div class=\"tm-sc-info-box tm-info-box-skin8\">\r\n  <div class=\"info-box-wrapper\">\r\n    <div class=\"icon-wrapper elementor-icon\"><\/div>\r\n    <div class=\"info-text\">\r\n      \r\n            <h4 class=\"title\">\r\n                  Sa\u011fl\u0131k Kurulu\u015flar\u0131              <\/h4>\r\n            <div class=\"text\"><\/div>\r\n    <\/div>\r\n        <div class=\"bottom-circle\"><\/div>\r\n  <\/div>\r\n<\/div>\t\t<\/div>\n\t\t\t\t<\/div>\n\t\t\t\t<div class=\"elementor-element elementor-element-9cef5b6 elementor-widget elementor-widget-tm-ele-info-box\" data-id=\"9cef5b6\" data-element_type=\"widget\" data-widget_type=\"tm-ele-info-box.skin-style8\">\n\t\t\t\t<div class=\"elementor-widget-container\">\n\t\t\t<div class=\"tm-sc-info-box tm-info-box-skin8\">\r\n  <div class=\"info-box-wrapper\">\r\n    <div class=\"icon-wrapper elementor-icon\"><\/div>\r\n    <div class=\"info-text\">\r\n      \r\n            <h4 class=\"title\">\r\n                  Sa\u011fl\u0131k Kurumlar\u0131              <\/h4>\r\n            <div class=\"text\"><\/div>\r\n    <\/div>\r\n        <div class=\"bottom-circle\"><\/div>\r\n  <\/div>\r\n<\/div>\t\t<\/div>\n\t\t\t\t<\/div>\n\t\t\t\t<div class=\"elementor-element elementor-element-13ce6be elementor-widget elementor-widget-tm-ele-info-box\" data-id=\"13ce6be\" data-element_type=\"widget\" data-widget_type=\"tm-ele-info-box.skin-style8\">\n\t\t\t\t<div class=\"elementor-widget-container\">\n\t\t\t<div class=\"tm-sc-info-box tm-info-box-skin8\">\r\n  <div class=\"info-box-wrapper\">\r\n    <div class=\"icon-wrapper elementor-icon\"><\/div>\r\n    <div class=\"info-text\">\r\n      \r\n            <h4 class=\"title\">\r\n                  Doktorlar              <\/h4>\r\n            <div class=\"text\"><\/div>\r\n    <\/div>\r\n        <div class=\"bottom-circle\"><\/div>\r\n  <\/div>\r\n<\/div>\t\t<\/div>\n\t\t\t\t<\/div>\n\t\t\t\t<\/div>\n\t\t<div class=\"elementor-element elementor-element-9845289 e-con-full e-flex e-con e-child\" data-id=\"9845289\" data-element_type=\"container\" data-settings=\"{&quot;content_width&quot;:&quot;full&quot;}\">\n\t\t\t\t<div class=\"elementor-element elementor-element-8e95994 elementor-widget elementor-widget-tm-ele-block-features\" data-id=\"8e95994\" data-element_type=\"widget\" data-widget_type=\"tm-ele-block-features.skin-style5\">\n\t\t\t\t<div class=\"elementor-widget-container\">\n\t\t\t<div class=\"feature-current-item-style5 \">\r\n  <div class=\"inner-box\">\r\n    <div class=\"icon-box\">\r\n      \r\n\r\n\t\r\n\t<div class=\"icon\"\t>\r\n\t\t<i class=\" flaticon-agency-color-sample\"><\/i>\r\n\t<\/div>\r\n\r\n\t    <\/div>\r\n    \r\n\t\t\t\t<h4 class=\"feature-title \">\r\n\t\t\t\t\t\t\tPsikometrik \u00d6l\u00e7\u00fcmler\t\t\t\t\t<\/h4>\r\n\t\t    \r\n\t\t\t<div class=\"feature-details\"><\/div>  <\/div>\r\n<\/div>\t\t<\/div>\n\t\t\t\t<\/div>\n\t\t\t\t<div class=\"elementor-element elementor-element-74163c1 elementor-widget elementor-widget-tm-ele-block-features\" data-id=\"74163c1\" data-element_type=\"widget\" data-widget_type=\"tm-ele-block-features.skin-style5\">\n\t\t\t\t<div class=\"elementor-widget-container\">\n\t\t\t<div class=\"feature-current-item-style5 \">\r\n  <div class=\"inner-box\">\r\n    <div class=\"icon-box\">\r\n      \r\n\r\n\t\r\n\t<div class=\"icon\"\t>\r\n\t\t<i class=\" flaticon-business-014-magnifier\"><\/i>\r\n\t<\/div>\r\n\r\n\t    <\/div>\r\n    \r\n\t\t\t\t<h4 class=\"feature-title \">\r\n\t\t\t\t\t\t\tGen\u00e7lik Ara\u015ft\u0131rmalar\u0131\t\t\t\t\t<\/h4>\r\n\t\t    \r\n\t\t\t<div class=\"feature-details\"><\/div>  <\/div>\r\n<\/div>\t\t<\/div>\n\t\t\t\t<\/div>\n\t\t\t\t<div class=\"elementor-element elementor-element-81616f5 elementor-widget elementor-widget-tm-ele-block-features\" data-id=\"81616f5\" data-element_type=\"widget\" data-widget_type=\"tm-ele-block-features.skin-style5\">\n\t\t\t\t<div class=\"elementor-widget-container\">\n\t\t\t<div class=\"feature-current-item-style5 \">\r\n  <div class=\"inner-box\">\r\n    <div class=\"icon-box\">\r\n      \r\n\r\n\t\r\n\t<div class=\"icon\"\t>\r\n\t\t<i class=\" flaticon-business-054-graph\"><\/i>\r\n\t<\/div>\r\n\r\n\t    <\/div>\r\n    \r\n\t\t\t\t<h4 class=\"feature-title \">\r\n\t\t\t\t\t\t\tKamuoyu Ara\u015ft\u0131rmalar\u0131\t\t\t\t\t<\/h4>\r\n\t\t    \r\n\t\t\t<div class=\"feature-details\"><\/div>  <\/div>\r\n<\/div>\t\t<\/div>\n\t\t\t\t<\/div>\n\t\t\t\t<div class=\"elementor-element elementor-element-8c96eeb elementor-widget elementor-widget-tm-ele-block-features\" data-id=\"8c96eeb\" data-element_type=\"widget\" data-widget_type=\"tm-ele-block-features.skin-style5\">\n\t\t\t\t<div class=\"elementor-widget-container\">\n\t\t\t<div class=\"feature-current-item-style5 \">\r\n  <div class=\"inner-box\">\r\n    <div class=\"icon-box\">\r\n      \r\n\r\n\t\r\n\t<div class=\"icon\"\t>\r\n\t\t<i class=\" flaticon-business-057-file\"><\/i>\r\n\t<\/div>\r\n\r\n\t    <\/div>\r\n    \r\n\t\t\t\t<h4 class=\"feature-title \">\r\n\t\t\t\t\t\t\t\u00d6l\u00e7ek Geli\u015ftirme\t\t\t\t\t<\/h4>\r\n\t\t    \r\n\t\t\t<div class=\"feature-details\"><\/div>  <\/div>\r\n<\/div>\t\t<\/div>\n\t\t\t\t<\/div>\n\t\t\t\t<div class=\"elementor-element elementor-element-7cdd9fc elementor-widget elementor-widget-tm-ele-block-features\" data-id=\"7cdd9fc\" data-element_type=\"widget\" data-widget_type=\"tm-ele-block-features.skin-style5\">\n\t\t\t\t<div class=\"elementor-widget-container\">\n\t\t\t<div class=\"feature-current-item-style5 \">\r\n  <div class=\"inner-box\">\r\n    <div class=\"icon-box\">\r\n      \r\n\r\n\t\r\n\t<div class=\"icon\"\t>\r\n\t\t<i class=\" flaticon-business-035-helpline\"><\/i>\r\n\t<\/div>\r\n\r\n\t    <\/div>\r\n    \r\n\t\t\t\t<h4 class=\"feature-title \">\r\n\t\t\t\t\t\t\tDan\u0131\u015fmanl\u0131k\t\t\t\t\t<\/h4>\r\n\t\t    \r\n\t\t\t<div class=\"feature-details\"><\/div>  <\/div>\r\n<\/div>\t\t<\/div>\n\t\t\t\t<\/div>\n\t\t\t\t<\/div>\n\t\t<div class=\"elementor-element elementor-element-307edf5 e-con-full e-flex e-con e-child\" data-id=\"307edf5\" data-element_type=\"container\" data-settings=\"{&quot;content_width&quot;:&quot;full&quot;}\">\n\t\t\t\t<div class=\"elementor-element elementor-element-2265cda elementor-widget elementor-widget-tm-ele-info-box\" data-id=\"2265cda\" data-element_type=\"widget\" data-widget_type=\"tm-ele-info-box.skin-style8\">\n\t\t\t\t<div class=\"elementor-widget-container\">\n\t\t\t<div class=\"tm-sc-info-box tm-info-box-skin8\">\r\n  <div class=\"info-box-wrapper\">\r\n    <div class=\"icon-wrapper elementor-icon\"><\/div>\r\n    <div class=\"info-text\">\r\n      \r\n            <h4 class=\"title\">\r\n                  \u0130\u015fletmeler              <\/h4>\r\n            <div class=\"text\"><\/div>\r\n    <\/div>\r\n        <div class=\"bottom-circle\"><\/div>\r\n  <\/div>\r\n<\/div>\t\t<\/div>\n\t\t\t\t<\/div>\n\t\t\t\t<div class=\"elementor-element elementor-element-a7c6493 elementor-widget elementor-widget-tm-ele-info-box\" data-id=\"a7c6493\" data-element_type=\"widget\" data-widget_type=\"tm-ele-info-box.skin-style8\">\n\t\t\t\t<div class=\"elementor-widget-container\">\n\t\t\t<div class=\"tm-sc-info-box tm-info-box-skin8\">\r\n  <div class=\"info-box-wrapper\">\r\n    <div class=\"icon-wrapper elementor-icon\"><\/div>\r\n    <div class=\"info-text\">\r\n      \r\n            <h4 class=\"title\">\r\n                  Kobiler              <\/h4>\r\n            <div class=\"text\"><\/div>\r\n    <\/div>\r\n        <div class=\"bottom-circle\"><\/div>\r\n  <\/div>\r\n<\/div>\t\t<\/div>\n\t\t\t\t<\/div>\n\t\t\t\t<div class=\"elementor-element elementor-element-a162b4f elementor-widget elementor-widget-tm-ele-info-box\" data-id=\"a162b4f\" data-element_type=\"widget\" data-widget_type=\"tm-ele-info-box.skin-style8\">\n\t\t\t\t<div class=\"elementor-widget-container\">\n\t\t\t<div class=\"tm-sc-info-box tm-info-box-skin8\">\r\n  <div class=\"info-box-wrapper\">\r\n    <div class=\"icon-wrapper elementor-icon\"><\/div>\r\n    <div class=\"info-text\">\r\n      \r\n            <h4 class=\"title\">\r\n                  B\u00fcy\u00fck \u015eirketler              <\/h4>\r\n            <div class=\"text\"><\/div>\r\n    <\/div>\r\n        <div class=\"bottom-circle\"><\/div>\r\n  <\/div>\r\n<\/div>\t\t<\/div>\n\t\t\t\t<\/div>\n\t\t\t\t<div class=\"elementor-element elementor-element-33f776f elementor-widget elementor-widget-tm-ele-info-box\" data-id=\"33f776f\" data-element_type=\"widget\" data-widget_type=\"tm-ele-info-box.skin-style8\">\n\t\t\t\t<div class=\"elementor-widget-container\">\n\t\t\t<div class=\"tm-sc-info-box tm-info-box-skin8\">\r\n  <div class=\"info-box-wrapper\">\r\n    <div class=\"icon-wrapper elementor-icon\"><\/div>\r\n    <div class=\"info-text\">\r\n      \r\n            <h4 class=\"title\">\r\n                  Y\u00f6neticiler              <\/h4>\r\n            <div class=\"text\"><\/div>\r\n    <\/div>\r\n        <div class=\"bottom-circle\"><\/div>\r\n  <\/div>\r\n<\/div>\t\t<\/div>\n\t\t\t\t<\/div>\n\t\t\t\t<div class=\"elementor-element elementor-element-8a4f466 elementor-widget elementor-widget-tm-ele-info-box\" data-id=\"8a4f466\" data-element_type=\"widget\" data-widget_type=\"tm-ele-info-box.skin-style8\">\n\t\t\t\t<div class=\"elementor-widget-container\">\n\t\t\t<div class=\"tm-sc-info-box tm-info-box-skin8\">\r\n  <div class=\"info-box-wrapper\">\r\n    <div class=\"icon-wrapper elementor-icon\"><\/div>\r\n    <div class=\"info-text\">\r\n      \r\n            <h4 class=\"title\">\r\n                  \u00c7al\u0131\u015fanlar              <\/h4>\r\n            <div class=\"text\"><\/div>\r\n    <\/div>\r\n        <div class=\"bottom-circle\"><\/div>\r\n  <\/div>\r\n<\/div>\t\t<\/div>\n\t\t\t\t<\/div>\n\t\t\t\t<div class=\"elementor-element elementor-element-76619e2 elementor-widget elementor-widget-tm-ele-info-box\" data-id=\"76619e2\" data-element_type=\"widget\" data-widget_type=\"tm-ele-info-box.skin-style8\">\n\t\t\t\t<div class=\"elementor-widget-container\">\n\t\t\t<div class=\"tm-sc-info-box tm-info-box-skin8\">\r\n  <div class=\"info-box-wrapper\">\r\n    <div class=\"icon-wrapper elementor-icon\"><\/div>\r\n    <div class=\"info-text\">\r\n      \r\n            <h4 class=\"title\">\r\n                  Siyasi Akt\u00f6rler              <\/h4>\r\n            <div class=\"text\"><\/div>\r\n    <\/div>\r\n        <div class=\"bottom-circle\"><\/div>\r\n  <\/div>\r\n<\/div>\t\t<\/div>\n\t\t\t\t<\/div>\n\t\t\t\t<div class=\"elementor-element elementor-element-71a661e elementor-widget elementor-widget-tm-ele-info-box\" data-id=\"71a661e\" data-element_type=\"widget\" data-widget_type=\"tm-ele-info-box.skin-style8\">\n\t\t\t\t<div class=\"elementor-widget-container\">\n\t\t\t<div class=\"tm-sc-info-box tm-info-box-skin8\">\r\n  <div class=\"info-box-wrapper\">\r\n    <div class=\"icon-wrapper elementor-icon\"><\/div>\r\n    <div class=\"info-text\">\r\n      \r\n            <h4 class=\"title\">\r\n                  Psikoloji & Psikiyatri Uzmanlar\u0131              <\/h4>\r\n            <div class=\"text\"><\/div>\r\n    <\/div>\r\n        <div class=\"bottom-circle\"><\/div>\r\n  <\/div>\r\n<\/div>\t\t<\/div>\n\t\t\t\t<\/div>\n\t\t\t\t<div class=\"elementor-element elementor-element-2405280 elementor-widget elementor-widget-tm-ele-info-box\" data-id=\"2405280\" data-element_type=\"widget\" data-widget_type=\"tm-ele-info-box.skin-style8\">\n\t\t\t\t<div class=\"elementor-widget-container\">\n\t\t\t<div class=\"tm-sc-info-box tm-info-box-skin8\">\r\n  <div class=\"info-box-wrapper\">\r\n    <div class=\"icon-wrapper elementor-icon\"><\/div>\r\n    <div class=\"info-text\">\r\n      \r\n            <h4 class=\"title\">\r\n                  \u00c7e\u015fitli Meslek \u00c7al\u0131\u015fanlar\u0131              <\/h4>\r\n            <div class=\"text\"><\/div>\r\n    <\/div>\r\n        <div class=\"bottom-circle\"><\/div>\r\n  <\/div>\r\n<\/div>\t\t<\/div>\n\t\t\t\t<\/div>\n\t\t\t\t<\/div>\n\t\t\t\t\t<\/div>\n\t\t\t\t<\/div>\n\t\t\t\t\t\t\t<\/div>\n\t\t","protected":false},"excerpt":{"rendered":"<p>T\u00fcrkiye ve D\u00fcnya\u2019da ZENAR ile \u00e7\u00f6z\u00fcmler sunmak hedefimizdir. ZENAR, Ulusal ve Uluslararas\u0131 arenada \u00e7\u00f6z\u00fcm aray\u0131\u015f\u0131nda gelinen son noktad\u0131r. Gen\u00e7ler E\u011fitim&#8230;<\/p>\n","protected":false},"author":1,"featured_media":0,"parent":0,"menu_order":0,"comment_status":"closed","ping_status":"closed","template":"","meta":{"footnotes":""},"class_list":["post-48482","page","type-page","status-publish","hentry"],"aioseo_notices":[],"_links":{"self":[{"href":"https:\/\/zenar.com.tr\/index.php\/wp-json\/wp\/v2\/pages\/48482","targetHints":{"allow":["GET"]}}],"collection":[{"href":"https:\/\/zenar.com.tr\/index.php\/wp-json\/wp\/v2\/pages"}],"about":[{"href":"https:\/\/zenar.com.tr\/index.php\/wp-json\/wp\/v2\/types\/page"}],"author":[{"embeddable":true,"href":"https:\/\/zenar.com.tr\/index.php\/wp-json\/wp\/v2\/users\/1"}],"replies":[{"embeddable":true,"href":"https:\/\/zenar.com.tr\/index.php\/wp-json\/wp\/v2\/comments?post=48482"}],"version-history":[{"count":11,"href":"https:\/\/zenar.com.tr\/index.php\/wp-json\/wp\/v2\/pages\/48482\/revisions"}],"predecessor-version":[{"id":48588,"href":"https:\/\/zenar.com.tr\/index.php\/wp-json\/wp\/v2\/pages\/48482\/revisions\/48588"}],"wp:attachment":[{"href":"https:\/\/zenar.com.tr\/index.php\/wp-json\/wp\/v2\/media?parent=48482"}],"curies":[{"name":"wp","href":"https:\/\/api.w.org\/{rel}","templated":true}]}}