{"id":48478,"date":"2023-12-20T19:56:34","date_gmt":"2023-12-20T16:56:34","guid":{"rendered":"http:\/\/zenar.com.tr\/?page_id=48478"},"modified":"2023-12-20T21:32:41","modified_gmt":"2023-12-20T18:32:41","slug":"danismanlik","status":"publish","type":"page","link":"https:\/\/zenar.com.tr\/index.php\/hizmetlerimiz\/danismanlik\/","title":{"rendered":"Dan\u0131\u015fmanl\u0131k"},"content":{"rendered":"\t\t<div data-elementor-type=\"wp-page\" data-elementor-id=\"48478\" class=\"elementor elementor-48478\" data-elementor-post-type=\"page\">\n\t\t\t\t\t\t\t<div class=\"elementor-element elementor-element-bf8448f e-flex e-con-boxed e-con e-parent\" data-id=\"bf8448f\" data-element_type=\"container\" data-settings=\"{&quot;content_width&quot;:&quot;boxed&quot;}\" data-core-v316-plus=\"true\">\n\t\t\t\t\t<div class=\"e-con-inner\">\n\t\t\t\t<div class=\"elementor-element elementor-element-b2c963b elementor-widget elementor-widget-text-editor\" data-id=\"b2c963b\" data-element_type=\"widget\" data-widget_type=\"text-editor.default\">\n\t\t\t\t<div class=\"elementor-widget-container\">\n\t\t\t<style>\/*! elementor - v3.18.0 - 20-12-2023 *\/\n.elementor-widget-text-editor.elementor-drop-cap-view-stacked .elementor-drop-cap{background-color:#69727d;color:#fff}.elementor-widget-text-editor.elementor-drop-cap-view-framed .elementor-drop-cap{color:#69727d;border:3px solid;background-color:transparent}.elementor-widget-text-editor:not(.elementor-drop-cap-view-default) .elementor-drop-cap{margin-top:8px}.elementor-widget-text-editor:not(.elementor-drop-cap-view-default) .elementor-drop-cap-letter{width:1em;height:1em}.elementor-widget-text-editor .elementor-drop-cap{float:left;text-align:center;line-height:1;font-size:50px}.elementor-widget-text-editor .elementor-drop-cap-letter{display:inline-block}<\/style>\t\t\t\t<h3 style=\"text-align: justify;\"><span style=\"color: #96c11f;\">\u201cBirlikte yol al\u0131yoruz\u2026\u201d<\/span><\/h3><p style=\"text-align: justify;\">Kurumsal alanda ihtiya\u00e7lar\u0131n\u0131z\u0131 birlikte belirleyerek \u00e7\u00f6z\u00fcm noktas\u0131nda dan\u0131\u015fmanl\u0131k hizmetleri sunar\u0131z. <span style=\"color: #3366ff;\">Gen\u00e7 \u00e7al\u0131\u015fanlar ile y\u00f6neticiler aras\u0131ndaki ileti\u015fim<\/span>, <em>\u00e7al\u0131\u015fanlar aras\u0131 etkili ileti\u015fim, ili\u015fki y\u00f6netimi, zaman y\u00f6netimi, sosyal medya okuryazarl\u0131\u011f\u0131 ve dijital teknolojilerin y\u00f6netimi, motivasyon y\u00f6netimi ve i\u015f verimlili\u011fine etki eden kurum i\u00e7i ve \u00e7evresel fakt\u00f6rlere fark\u0131ndal\u0131k ile kendini y\u00f6netebilme becerisi<\/em> kazanma \u00e7al\u0131\u015fmalar\u0131nda <span style=\"color: #3366ff;\">birlikte yol al\u0131r\u0131z<\/span>.<\/p>\t\t\t\t\t\t<\/div>\n\t\t\t\t<\/div>\n\t\t\t\t<div class=\"elementor-element elementor-element-0350400 elementor-widget elementor-widget-text-editor\" data-id=\"0350400\" data-element_type=\"widget\" data-widget_type=\"text-editor.default\">\n\t\t\t\t<div class=\"elementor-widget-container\">\n\t\t\t\t\t\t\t<h4><strong>Dan\u0131\u015fmanl\u0131k Hizmetlerimiz<\/strong><\/h4>\t\t\t\t\t\t<\/div>\n\t\t\t\t<\/div>\n\t\t\t\t\t<\/div>\n\t\t\t\t<\/div>\n\t\t<div class=\"elementor-element elementor-element-6e9b27a e-flex e-con-boxed e-con e-parent\" data-id=\"6e9b27a\" data-element_type=\"container\" data-settings=\"{&quot;content_width&quot;:&quot;boxed&quot;}\" data-core-v316-plus=\"true\">\n\t\t\t\t\t<div class=\"e-con-inner\">\n\t\t<div class=\"elementor-element elementor-element-fc3a747 e-con-full e-flex e-con e-child\" data-id=\"fc3a747\" data-element_type=\"container\" data-settings=\"{&quot;content_width&quot;:&quot;full&quot;}\">\n\t\t\t\t<div class=\"elementor-element elementor-element-2785746 elementor-widget elementor-widget-tm-ele-info-box\" data-id=\"2785746\" data-element_type=\"widget\" data-widget_type=\"tm-ele-info-box.skin-style4\">\n\t\t\t\t<div class=\"elementor-widget-container\">\n\t\t\t<div class=\"tm-sc-info-box tm-info-box-skin4\">\r\n  <div class=\"info-box-wrapper\">\r\n    <div class=\"icon-wrapper elementor-icon\"><\/div>\r\n    <div class=\"info-text\">\r\n      \r\n            <div class=\"text\"><ul><li>Ku\u015faklararas\u0131 \u0130leti\u015fim<\/li><li>Etkili \u0130leti\u015fim<\/li><li>Kamusal \u0130leti\u015fim<\/li><li>Sosyal Medya \u0130leti\u015fimi<\/li><\/ul><\/div>\r\n          <\/div>\r\n    <div class=\"top-shape\"><\/div>\r\n    <div class=\"bottom-shape\"><\/div>\r\n  <\/div>\r\n<\/div>\t\t<\/div>\n\t\t\t\t<\/div>\n\t\t\t\t<\/div>\n\t\t<div class=\"elementor-element elementor-element-e47590e e-con-full e-flex e-con e-child\" data-id=\"e47590e\" data-element_type=\"container\" data-settings=\"{&quot;content_width&quot;:&quot;full&quot;}\">\n\t\t\t\t<div class=\"elementor-element elementor-element-74dd0d0 elementor-widget elementor-widget-tm-ele-info-box\" data-id=\"74dd0d0\" data-element_type=\"widget\" data-widget_type=\"tm-ele-info-box.skin-style4\">\n\t\t\t\t<div class=\"elementor-widget-container\">\n\t\t\t<div class=\"tm-sc-info-box tm-info-box-skin4\">\r\n  <div class=\"info-box-wrapper\">\r\n    <div class=\"icon-wrapper elementor-icon\"><\/div>\r\n    <div class=\"info-text\">\r\n      \r\n            <div class=\"text\"><ul><li>Motivasyon Y\u00f6netimi<\/li><li>Zaman Y\u00f6netimi<\/li><li>\u0130li\u015fki Y\u00f6netimi<\/li><li>\u0130tibar Y\u00f6netimi<\/li><\/ul><\/div>\r\n          <\/div>\r\n    <div class=\"top-shape\"><\/div>\r\n    <div class=\"bottom-shape\"><\/div>\r\n  <\/div>\r\n<\/div>\t\t<\/div>\n\t\t\t\t<\/div>\n\t\t\t\t<\/div>\n\t\t<div class=\"elementor-element elementor-element-0cfec22 e-con-full e-flex e-con e-child\" data-id=\"0cfec22\" data-element_type=\"container\" data-settings=\"{&quot;content_width&quot;:&quot;full&quot;}\">\n\t\t\t\t<div class=\"elementor-element elementor-element-2af7c78 elementor-widget elementor-widget-tm-ele-info-box\" data-id=\"2af7c78\" data-element_type=\"widget\" data-widget_type=\"tm-ele-info-box.skin-style4\">\n\t\t\t\t<div class=\"elementor-widget-container\">\n\t\t\t<div class=\"tm-sc-info-box tm-info-box-skin4\">\r\n  <div class=\"info-box-wrapper\">\r\n    <div class=\"icon-wrapper elementor-icon\"><\/div>\r\n    <div class=\"info-text\">\r\n      \r\n            <div class=\"text\"><ul><li>Sosyal Medya Okuryazarl\u0131\u011f\u0131<\/li><li>Dijital Sa\u011fl\u0131k Okuryazarl\u0131\u011f\u0131<\/li><li>Dijital Medya Okuryazarl\u0131\u011f\u0131<\/li><li>Metaverse Okuryazarl\u0131\u011f\u0131<\/li><\/ul><\/div>\r\n          <\/div>\r\n    <div class=\"top-shape\"><\/div>\r\n    <div class=\"bottom-shape\"><\/div>\r\n  <\/div>\r\n<\/div>\t\t<\/div>\n\t\t\t\t<\/div>\n\t\t\t\t<\/div>\n\t\t<div class=\"elementor-element elementor-element-b98fbea e-con-full e-flex e-con e-child\" data-id=\"b98fbea\" data-element_type=\"container\" data-settings=\"{&quot;content_width&quot;:&quot;full&quot;}\">\n\t\t\t\t<div class=\"elementor-element elementor-element-5c67d3c elementor-widget elementor-widget-tm-ele-info-box\" data-id=\"5c67d3c\" data-element_type=\"widget\" data-widget_type=\"tm-ele-info-box.skin-style4\">\n\t\t\t\t<div class=\"elementor-widget-container\">\n\t\t\t<div class=\"tm-sc-info-box tm-info-box-skin4\">\r\n  <div class=\"info-box-wrapper\">\r\n    <div class=\"icon-wrapper elementor-icon\"><\/div>\r\n    <div class=\"info-text\">\r\n      \r\n            <div class=\"text\"><ul><li>Sosyal Medya Ba\u011f\u0131ml\u0131l\u0131\u011f\u0131<\/li><li>Ekran Ba\u011f\u0131ml\u0131l\u0131\u011f\u0131 ve Ergonomi<\/li><li>Siberkondri ve Sa\u011fl\u0131k Okuryazarl\u0131\u011f\u0131<\/li><li>Dijital Oyun Ba\u011f\u0131ml\u0131l\u0131\u011f\u0131<\/li><\/ul><\/div>\r\n          <\/div>\r\n    <div class=\"top-shape\"><\/div>\r\n    <div class=\"bottom-shape\"><\/div>\r\n  <\/div>\r\n<\/div>\t\t<\/div>\n\t\t\t\t<\/div>\n\t\t\t\t<\/div>\n\t\t<div class=\"elementor-element elementor-element-a04b242 e-con-full e-flex e-con e-child\" data-id=\"a04b242\" data-element_type=\"container\" data-settings=\"{&quot;content_width&quot;:&quot;full&quot;}\">\n\t\t\t\t<div class=\"elementor-element elementor-element-b62f63a elementor-widget elementor-widget-tm-ele-info-box\" data-id=\"b62f63a\" data-element_type=\"widget\" data-widget_type=\"tm-ele-info-box.skin-style4\">\n\t\t\t\t<div class=\"elementor-widget-container\">\n\t\t\t<div class=\"tm-sc-info-box tm-info-box-skin4\">\r\n  <div class=\"info-box-wrapper\">\r\n    <div class=\"icon-wrapper elementor-icon\"><\/div>\r\n    <div class=\"info-text\">\r\n      \r\n            <div class=\"text\"><ul><li>Bili\u015fim Teknolojileri<\/li><li>\u0130leri Elektronik Tablo Hesaplama<\/li><li>Etkili Sunum Haz\u0131rlama<\/li><li>Psikometri<\/li><\/ul><\/div>\r\n          <\/div>\r\n    <div class=\"top-shape\"><\/div>\r\n    <div class=\"bottom-shape\"><\/div>\r\n  <\/div>\r\n<\/div>\t\t<\/div>\n\t\t\t\t<\/div>\n\t\t\t\t<\/div>\n\t\t<div class=\"elementor-element elementor-element-352ab85 e-con-full e-flex e-con e-child\" data-id=\"352ab85\" data-element_type=\"container\" data-settings=\"{&quot;content_width&quot;:&quot;full&quot;}\">\n\t\t\t\t<div class=\"elementor-element elementor-element-53a782c elementor-widget elementor-widget-tm-ele-info-box\" data-id=\"53a782c\" data-element_type=\"widget\" data-widget_type=\"tm-ele-info-box.skin-style4\">\n\t\t\t\t<div class=\"elementor-widget-container\">\n\t\t\t<div class=\"tm-sc-info-box tm-info-box-skin4\">\r\n  <div class=\"info-box-wrapper\">\r\n    <div class=\"icon-wrapper elementor-icon\"><\/div>\r\n    <div class=\"info-text\">\r\n      \r\n            <div class=\"text\"><ul><li>Metodolojik Yakla\u015f\u0131m<\/li><li>Bilimsel \u00c7al\u0131\u015fmalar<\/li><li>Bilimsel Raporlama<\/li><li>\u00d6l\u00e7ek Geli\u015ftirme<\/li><\/ul><\/div>\r\n          <\/div>\r\n    <div class=\"top-shape\"><\/div>\r\n    <div class=\"bottom-shape\"><\/div>\r\n  <\/div>\r\n<\/div>\t\t<\/div>\n\t\t\t\t<\/div>\n\t\t\t\t<\/div>\n\t\t\t\t\t<\/div>\n\t\t\t\t<\/div>\n\t\t\t\t\t\t\t<\/div>\n\t\t","protected":false},"excerpt":{"rendered":"<p>\u201cBirlikte yol al\u0131yoruz\u2026\u201d Kurumsal alanda ihtiya\u00e7lar\u0131n\u0131z\u0131 birlikte belirleyerek \u00e7\u00f6z\u00fcm noktas\u0131nda dan\u0131\u015fmanl\u0131k hizmetleri sunar\u0131z. Gen\u00e7 \u00e7al\u0131\u015fanlar ile y\u00f6neticiler aras\u0131ndaki ileti\u015fim, \u00e7al\u0131\u015fanlar&#8230;<\/p>\n","protected":false},"author":1,"featured_media":0,"parent":48468,"menu_order":0,"comment_status":"closed","ping_status":"closed","template":"","meta":{"footnotes":""},"class_list":["post-48478","page","type-page","status-publish","hentry"],"aioseo_notices":[],"_links":{"self":[{"href":"https:\/\/zenar.com.tr\/index.php\/wp-json\/wp\/v2\/pages\/48478","targetHints":{"allow":["GET"]}}],"collection":[{"href":"https:\/\/zenar.com.tr\/index.php\/wp-json\/wp\/v2\/pages"}],"about":[{"href":"https:\/\/zenar.com.tr\/index.php\/wp-json\/wp\/v2\/types\/page"}],"author":[{"embeddable":true,"href":"https:\/\/zenar.com.tr\/index.php\/wp-json\/wp\/v2\/users\/1"}],"replies":[{"embeddable":true,"href":"https:\/\/zenar.com.tr\/index.php\/wp-json\/wp\/v2\/comments?post=48478"}],"version-history":[{"count":13,"href":"https:\/\/zenar.com.tr\/index.php\/wp-json\/wp\/v2\/pages\/48478\/revisions"}],"predecessor-version":[{"id":48603,"href":"https:\/\/zenar.com.tr\/index.php\/wp-json\/wp\/v2\/pages\/48478\/revisions\/48603"}],"up":[{"embeddable":true,"href":"https:\/\/zenar.com.tr\/index.php\/wp-json\/wp\/v2\/pages\/48468"}],"wp:attachment":[{"href":"https:\/\/zenar.com.tr\/index.php\/wp-json\/wp\/v2\/media?parent=48478"}],"curies":[{"name":"wp","href":"https:\/\/api.w.org\/{rel}","templated":true}]}}