{"id":48476,"date":"2023-12-20T19:56:24","date_gmt":"2023-12-20T16:56:24","guid":{"rendered":"http:\/\/zenar.com.tr\/?page_id=48476"},"modified":"2023-12-20T21:31:42","modified_gmt":"2023-12-20T18:31:42","slug":"olcek-gelistirme","status":"publish","type":"page","link":"https:\/\/zenar.com.tr\/index.php\/hizmetlerimiz\/olcek-gelistirme\/","title":{"rendered":"\u00d6l\u00e7ek Geli\u015ftirme"},"content":{"rendered":"\t\t<div data-elementor-type=\"wp-page\" data-elementor-id=\"48476\" class=\"elementor elementor-48476\" data-elementor-post-type=\"page\">\n\t\t\t\t\t\t\t<div class=\"elementor-element elementor-element-253f902 e-flex e-con-boxed e-con e-parent\" data-id=\"253f902\" data-element_type=\"container\" data-settings=\"{&quot;content_width&quot;:&quot;boxed&quot;}\" data-core-v316-plus=\"true\">\n\t\t\t\t\t<div class=\"e-con-inner\">\n\t\t\t\t<div class=\"elementor-element elementor-element-c73eb23 elementor-widget elementor-widget-text-editor\" data-id=\"c73eb23\" data-element_type=\"widget\" data-widget_type=\"text-editor.default\">\n\t\t\t\t<div class=\"elementor-widget-container\">\n\t\t\t<style>\/*! elementor - v3.18.0 - 20-12-2023 *\/\n.elementor-widget-text-editor.elementor-drop-cap-view-stacked .elementor-drop-cap{background-color:#69727d;color:#fff}.elementor-widget-text-editor.elementor-drop-cap-view-framed .elementor-drop-cap{color:#69727d;border:3px solid;background-color:transparent}.elementor-widget-text-editor:not(.elementor-drop-cap-view-default) .elementor-drop-cap{margin-top:8px}.elementor-widget-text-editor:not(.elementor-drop-cap-view-default) .elementor-drop-cap-letter{width:1em;height:1em}.elementor-widget-text-editor .elementor-drop-cap{float:left;text-align:center;line-height:1;font-size:50px}.elementor-widget-text-editor .elementor-drop-cap-letter{display:inline-block}<\/style>\t\t\t\t<h3 style=\"text-align: justify;\"><span style=\"color: #96c11f;\">\u201c\u00d6l\u00e7emedi\u011fini Y\u00f6netemezsin\u2026\u201d<\/span><\/h3><p style=\"text-align: justify;\"><span style=\"color: #3366ff;\">Ge\u00e7erli ve g\u00fcvenilir bilgi g\u00fc\u00e7t\u00fcr<\/span>. G\u00fcn\u00fcm\u00fczde, do\u011fru bilgiye ula\u015fmada ge\u00e7erlilik ve g\u00fcvenilirlik analizleri tek ba\u015f\u0131na yeterli olmamaktad\u0131r; ileri d\u00fczeydeki birtak\u0131m istatistiksel analizler ile yap\u0131sal e\u015fitlik modelleme, do\u011frulay\u0131c\u0131 fakt\u00f6r analizi gibi tekniklerin de i\u015fe kat\u0131lmas\u0131 gerekliliktir. Do\u011fru bilgiye ad\u0131m ad\u0131m ilerleyebilmek i\u00e7in do\u011fru analiz tekniklerinin se\u00e7ilmesi, uygulanmas\u0131 ve raporlanmas\u0131 bili\u015fim okuryazarl\u0131\u011f\u0131n\u0131 gerektirirken; \u00f6l\u00e7ek geli\u015ftirmede <span style=\"color: #3366ff;\">istatistiksel okuryazarl\u0131k<\/span> da \u00f6nemli olmaktad\u0131r.<\/p><p style=\"text-align: justify;\">Bu kapsamda ZENAR; \u00e7e\u015fitli alanlarda ge\u00e7erli ve g\u00fcvenilir, <span style=\"color: #3366ff;\">modellenebilir \u00f6l\u00e7ekler<\/span> geli\u015ftirerek <strong>multidisipliner alanda<\/strong> yer almay\u0131 hedefler. Sosyal Bilimlerden, M\u00fchendisli\u011fe kadar geni\u015f yelpazedeki \u00e7e\u015fitli alanlarda \u00f6l\u00e7ek geli\u015ftirerek nicel bilgi elde etmede \u00f6nc\u00fcl\u00fck eder. <span style=\"color: #3366ff;\">\u201c\u00d6l\u00e7emedi\u011fini y\u00f6netemezsin\u201d<\/span> mottosunu benimser. \u00c7e\u015fitli alanlarda ZENAR<strong>, \u00f6l\u00e7ek geli\u015ftirmede \u00f6nc\u00fc \u015firket<\/strong> olmay\u0131 hedefler.<\/p>\t\t\t\t\t\t<\/div>\n\t\t\t\t<\/div>\n\t\t\t\t\t<\/div>\n\t\t\t\t<\/div>\n\t\t\t\t\t\t\t<\/div>\n\t\t","protected":false},"excerpt":{"rendered":"<p>\u201c\u00d6l\u00e7emedi\u011fini Y\u00f6netemezsin\u2026\u201d Ge\u00e7erli ve g\u00fcvenilir bilgi g\u00fc\u00e7t\u00fcr. G\u00fcn\u00fcm\u00fczde, do\u011fru bilgiye ula\u015fmada ge\u00e7erlilik ve g\u00fcvenilirlik analizleri tek ba\u015f\u0131na yeterli olmamaktad\u0131r; ileri&#8230;<\/p>\n","protected":false},"author":1,"featured_media":0,"parent":48468,"menu_order":0,"comment_status":"closed","ping_status":"closed","template":"","meta":{"footnotes":""},"class_list":["post-48476","page","type-page","status-publish","hentry"],"aioseo_notices":[],"_links":{"self":[{"href":"https:\/\/zenar.com.tr\/index.php\/wp-json\/wp\/v2\/pages\/48476","targetHints":{"allow":["GET"]}}],"collection":[{"href":"https:\/\/zenar.com.tr\/index.php\/wp-json\/wp\/v2\/pages"}],"about":[{"href":"https:\/\/zenar.com.tr\/index.php\/wp-json\/wp\/v2\/types\/page"}],"author":[{"embeddable":true,"href":"https:\/\/zenar.com.tr\/index.php\/wp-json\/wp\/v2\/users\/1"}],"replies":[{"embeddable":true,"href":"https:\/\/zenar.com.tr\/index.php\/wp-json\/wp\/v2\/comments?post=48476"}],"version-history":[{"count":7,"href":"https:\/\/zenar.com.tr\/index.php\/wp-json\/wp\/v2\/pages\/48476\/revisions"}],"predecessor-version":[{"id":48600,"href":"https:\/\/zenar.com.tr\/index.php\/wp-json\/wp\/v2\/pages\/48476\/revisions\/48600"}],"up":[{"embeddable":true,"href":"https:\/\/zenar.com.tr\/index.php\/wp-json\/wp\/v2\/pages\/48468"}],"wp:attachment":[{"href":"https:\/\/zenar.com.tr\/index.php\/wp-json\/wp\/v2\/media?parent=48476"}],"curies":[{"name":"wp","href":"https:\/\/api.w.org\/{rel}","templated":true}]}}