{"id":48472,"date":"2023-12-20T19:56:03","date_gmt":"2023-12-20T16:56:03","guid":{"rendered":"http:\/\/zenar.com.tr\/?page_id=48472"},"modified":"2023-12-20T21:30:34","modified_gmt":"2023-12-20T18:30:34","slug":"kamuoyu-arastirmalari","status":"publish","type":"page","link":"https:\/\/zenar.com.tr\/index.php\/hizmetlerimiz\/kamuoyu-arastirmalari\/","title":{"rendered":"Kamuoyu Ara\u015ft\u0131rmalar\u0131"},"content":{"rendered":"\t\t<div data-elementor-type=\"wp-page\" data-elementor-id=\"48472\" class=\"elementor elementor-48472\" data-elementor-post-type=\"page\">\n\t\t\t\t\t\t\t<div class=\"elementor-element elementor-element-896ed49 e-flex e-con-boxed e-con e-parent\" data-id=\"896ed49\" data-element_type=\"container\" data-settings=\"{&quot;content_width&quot;:&quot;boxed&quot;}\" data-core-v316-plus=\"true\">\n\t\t\t\t\t<div class=\"e-con-inner\">\n\t\t\t\t<div class=\"elementor-element elementor-element-84583c0 elementor-widget elementor-widget-text-editor\" data-id=\"84583c0\" data-element_type=\"widget\" data-widget_type=\"text-editor.default\">\n\t\t\t\t<div class=\"elementor-widget-container\">\n\t\t\t<style>\/*! elementor - v3.18.0 - 20-12-2023 *\/\n.elementor-widget-text-editor.elementor-drop-cap-view-stacked .elementor-drop-cap{background-color:#69727d;color:#fff}.elementor-widget-text-editor.elementor-drop-cap-view-framed .elementor-drop-cap{color:#69727d;border:3px solid;background-color:transparent}.elementor-widget-text-editor:not(.elementor-drop-cap-view-default) .elementor-drop-cap{margin-top:8px}.elementor-widget-text-editor:not(.elementor-drop-cap-view-default) .elementor-drop-cap-letter{width:1em;height:1em}.elementor-widget-text-editor .elementor-drop-cap{float:left;text-align:center;line-height:1;font-size:50px}.elementor-widget-text-editor .elementor-drop-cap-letter{display:inline-block}<\/style>\t\t\t\t<h3 style=\"text-align: justify;\"><span style=\"color: #96c11f;\">\u201cToplumsal haf\u0131za y\u00f6netilebilir\u2026\u201d<\/span><\/h3><p style=\"text-align: justify;\">G\u00fcncel konularda toplum g\u00f6r\u00fc\u015f\u00fcn\u00fc ge\u00e7erli ve g\u00fcvenilir \u00f6l\u00e7ekler ile \u00f6l\u00e7erek bilimsel bilgi sa\u011flamak hedefimizdir. G\u00fcndemi belirleyen alg\u0131lar\u0131m\u0131zd\u0131r ve alg\u0131lar\u0131n ortaya \u00e7\u0131kart\u0131lmas\u0131nda do\u011fru yol izleyebilmek, uygun bilimsel metodoloji ve kuramsal bak\u0131\u015f a\u00e7\u0131s\u0131n\u0131 gerektirir. Bireyler toplumu, toplum da bireyleri kar\u015f\u0131l\u0131kl\u0131 temsil eder; gelenekler ve k\u00fclt\u00fcr, genetik kod gibi ku\u015faktan ku\u015fa\u011fa aktar\u0131l\u0131rlar. <span style=\"color: #339966;\">Toplumsal haf\u0131zan\u0131n<\/span> belirli d\u00f6nemlerde <em>\u00f6l\u00e7\u00fclerek<\/em> <span style=\"color: #339966;\">y\u00f6netilmesi<\/span> \u00f6nemlidir.<\/p><p style=\"text-align: justify;\">Bu kapsamda ZENAR, g\u00fcndemi takip ederek kritik bilgiyi sa\u011flama ve yol g\u00f6sterme noktas\u0131nda \u00f6nc\u00fcl\u00fck eder; ge\u00e7erli ve g\u00fcvenilir \u00f6l\u00e7\u00fcm ara\u00e7lar\u0131 ile elde etti\u011fi bilimsel bilgiyi kamuoyuna sunar. Bunun yan\u0131nda, <span style=\"color: #339966;\"><em>ihtiya\u00e7 duyulan her t\u00fcrl\u00fc konuda<\/em><\/span> sosyal ara\u015ft\u0131rmalar planlar, y\u00fcr\u00fct\u00fcr ve sonu\u00e7lar\u0131n\u0131 analiz ederek raporlar. <span style=\"color: #3366ff;\">Toplum ara\u015ft\u0131rmalar\u0131, kurumsal ara\u015ft\u0131rmalar, g\u00fcndem ara\u015ft\u0131rmalar\u0131, sosyal ara\u015ft\u0131rmalar<\/span> vb. <em>geni\u015f yelpazedeki<\/em> \u00e7e\u015fitli ara\u015ft\u0131rmalar bu kapsamda ele al\u0131n\u0131r.<\/p><p style=\"text-align: justify;\">Kamuoyu ara\u015ft\u0131rmalar\u0131n\u0131n \u00f6nemli bir basama\u011f\u0131 da ZENAR taraf\u0131ndan haz\u0131rlanacak olan <span style=\"color: #339966;\">y\u0131ll\u0131k raporlard\u0131r<\/span>. Y\u0131l i\u00e7inde y\u00fcr\u00fct\u00fclen t\u00fcm kamuoyu ara\u015ft\u0131rmalar\u0131ndan elde edilen bilimsel bilgilerin sunuldu\u011fu raporlar, <strong>kamu kurumlar\u0131, \u00f6zel sekt\u00f6r, sa\u011fl\u0131k kurum ve kurulu\u015flar\u0131 ve e\u011fitim kurumlar\u0131n\u0131n yarar\u0131na<\/strong> sunulur.<\/p>\t\t\t\t\t\t<\/div>\n\t\t\t\t<\/div>\n\t\t\t\t\t<\/div>\n\t\t\t\t<\/div>\n\t\t\t\t\t\t\t<\/div>\n\t\t","protected":false},"excerpt":{"rendered":"<p>\u201cToplumsal haf\u0131za y\u00f6netilebilir\u2026\u201d G\u00fcncel konularda toplum g\u00f6r\u00fc\u015f\u00fcn\u00fc ge\u00e7erli ve g\u00fcvenilir \u00f6l\u00e7ekler ile \u00f6l\u00e7erek bilimsel bilgi sa\u011flamak hedefimizdir. G\u00fcndemi belirleyen alg\u0131lar\u0131m\u0131zd\u0131r&#8230;<\/p>\n","protected":false},"author":1,"featured_media":0,"parent":48468,"menu_order":0,"comment_status":"closed","ping_status":"closed","template":"","meta":{"footnotes":""},"class_list":["post-48472","page","type-page","status-publish","hentry"],"aioseo_notices":[],"_links":{"self":[{"href":"https:\/\/zenar.com.tr\/index.php\/wp-json\/wp\/v2\/pages\/48472","targetHints":{"allow":["GET"]}}],"collection":[{"href":"https:\/\/zenar.com.tr\/index.php\/wp-json\/wp\/v2\/pages"}],"about":[{"href":"https:\/\/zenar.com.tr\/index.php\/wp-json\/wp\/v2\/types\/page"}],"author":[{"embeddable":true,"href":"https:\/\/zenar.com.tr\/index.php\/wp-json\/wp\/v2\/users\/1"}],"replies":[{"embeddable":true,"href":"https:\/\/zenar.com.tr\/index.php\/wp-json\/wp\/v2\/comments?post=48472"}],"version-history":[{"count":7,"href":"https:\/\/zenar.com.tr\/index.php\/wp-json\/wp\/v2\/pages\/48472\/revisions"}],"predecessor-version":[{"id":48597,"href":"https:\/\/zenar.com.tr\/index.php\/wp-json\/wp\/v2\/pages\/48472\/revisions\/48597"}],"up":[{"embeddable":true,"href":"https:\/\/zenar.com.tr\/index.php\/wp-json\/wp\/v2\/pages\/48468"}],"wp:attachment":[{"href":"https:\/\/zenar.com.tr\/index.php\/wp-json\/wp\/v2\/media?parent=48472"}],"curies":[{"name":"wp","href":"https:\/\/api.w.org\/{rel}","templated":true}]}}