{"id":48470,"date":"2023-12-20T19:55:52","date_gmt":"2023-12-20T16:55:52","guid":{"rendered":"http:\/\/zenar.com.tr\/?page_id=48470"},"modified":"2023-12-20T21:27:17","modified_gmt":"2023-12-20T18:27:17","slug":"genclik-arastirmalari","status":"publish","type":"page","link":"https:\/\/zenar.com.tr\/index.php\/hizmetlerimiz\/genclik-arastirmalari\/","title":{"rendered":"Gen\u00e7lik Ara\u015ft\u0131rmalar\u0131"},"content":{"rendered":"\t\t<div data-elementor-type=\"wp-page\" data-elementor-id=\"48470\" class=\"elementor elementor-48470\" data-elementor-post-type=\"page\">\n\t\t\t\t\t\t\t<div class=\"elementor-element elementor-element-754aa65 e-flex e-con-boxed e-con e-parent\" data-id=\"754aa65\" data-element_type=\"container\" data-settings=\"{&quot;content_width&quot;:&quot;boxed&quot;}\" data-core-v316-plus=\"true\">\n\t\t\t\t\t<div class=\"e-con-inner\">\n\t\t\t\t<div class=\"elementor-element elementor-element-acca8ca elementor-drop-cap-yes elementor-drop-cap-view-default elementor-widget elementor-widget-text-editor\" data-id=\"acca8ca\" data-element_type=\"widget\" data-settings=\"{&quot;drop_cap&quot;:&quot;yes&quot;}\" data-widget_type=\"text-editor.default\">\n\t\t\t\t<div class=\"elementor-widget-container\">\n\t\t\t<style>\/*! elementor - v3.18.0 - 20-12-2023 *\/\n.elementor-widget-text-editor.elementor-drop-cap-view-stacked .elementor-drop-cap{background-color:#69727d;color:#fff}.elementor-widget-text-editor.elementor-drop-cap-view-framed .elementor-drop-cap{color:#69727d;border:3px solid;background-color:transparent}.elementor-widget-text-editor:not(.elementor-drop-cap-view-default) .elementor-drop-cap{margin-top:8px}.elementor-widget-text-editor:not(.elementor-drop-cap-view-default) .elementor-drop-cap-letter{width:1em;height:1em}.elementor-widget-text-editor .elementor-drop-cap{float:left;text-align:center;line-height:1;font-size:50px}.elementor-widget-text-editor .elementor-drop-cap-letter{display:inline-block}<\/style>\t\t\t\t<h3 style=\"text-align: justify;\"><span style=\"color: #96c11f;\">\u201cGen\u00e7ler gelece\u011fimizdir\u2026\u201d<\/span><\/h3><p style=\"text-align: justify;\">Z ku\u015fa\u011f\u0131 gen\u00e7lerini anlamak \u00f6nemlidir. Anlamak i\u00e7in gen\u00e7lere bilimsel metodoloji zemininde sormak, s\u00fcrece onlar\u0131 dahil ederek ara\u015ft\u0131rma yapmak ve ara\u015ft\u0131rma \u00e7\u0131kt\u0131lar\u0131n\u0131 birlikte yorumlamak gereklidir. Bu, ayn\u0131 zamanda sa\u011fl\u0131kl\u0131 bir ileti\u015fimin getirisidir. Gen\u00e7ler t\u00fcm s\u00fcre\u00e7lere kat\u0131lmal\u0131d\u0131r.<\/p><p style=\"text-align: justify;\">Bu kapsamda ZENAR, bilimsel bilgiyi ge\u00e7erli ve g\u00fcvenilir istatistiksel analizlerle sa\u011flar. Gen\u00e7leri anlamaya y\u00f6nelen pek \u00e7ok kamu kurum\/kurulu\u015flar\u0131 ile \u00f6zel sekt\u00f6rde faaliyet g\u00f6steren \u00e7e\u015fitli alanlardaki firmalara yol g\u00f6sterecek i\u015flevsel bilgiler ile \u00e7\u00f6z\u00fcmler sunar. B\u00f6ylece, gen\u00e7lerin istihdam s\u00fcrecinde <span style=\"color: #3366ff;\">i\u015f ya\u015fam\u0131na<\/span> <span style=\"color: #339966;\"><em>verimlilik<\/em><\/span> ve <span style=\"color: #339966;\"><em>yenilik\u00e7ilik<\/em><\/span> a\u00e7\u0131s\u0131ndan katk\u0131 sa\u011flamak temel odak noktalar\u0131m\u0131zdan biridir.<\/p><p style=\"text-align: justify;\">Gen\u00e7lik ara\u015ft\u0131rmalar\u0131n\u0131n oda\u011f\u0131nda <span style=\"color: #3366ff;\">E\u011fitim Kurumlar\u0131<\/span> da yer al\u0131r. Aile-\u00c7ocuk-Okul \u00fc\u00e7geninin \u00f6nemli bir aya\u011f\u0131 olarak e\u011fitim kurumlar\u0131, kapsaml\u0131 ve do\u011fru bilgi elde etmede tamamlay\u0131c\u0131 rol \u00fcstlenir. E\u011fitim kurumlar\u0131 ile i\u015fbirli\u011fi kapsam\u0131nda ara\u015ft\u0131rmalar\u0131n y\u00fcr\u00fct\u00fclmesi bilgiye <span style=\"color: #339966;\"><em>b\u00fct\u00fcnc\u00fcl bak\u0131\u015f<\/em><\/span> sa\u011flar. Bu y\u00fczden, e\u011fitim kurumlar\u0131 ile i\u015f birli\u011fini \u00f6nemsiyoruz.<\/p><p style=\"text-align: justify;\">Gen\u00e7lik ara\u015ft\u0131rmalar\u0131n\u0131n \u00f6nemli bir basama\u011f\u0131 da ZENAR taraf\u0131ndan haz\u0131rlanacak olan <span style=\"color: #339966;\"><em>y\u0131ll\u0131k raporlard\u0131r<\/em><\/span>. Gen\u00e7lerle y\u00fcr\u00fct\u00fclen ara\u015ft\u0131rmalar\u0131n \u00e7\u0131kt\u0131lar\u0131ndan haz\u0131rlanacak olan y\u0131ll\u0131k raporlar\u0131n faydalan\u0131c\u0131s\u0131 olan kurumlardan birisi de <span style=\"color: #3366ff;\">Aile Kurumudur<\/span><strong>. <\/strong>G\u00fcn\u00fcm\u00fcz dijital \u00e7a\u011f\u0131n gen\u00e7lerini anlama noktas\u0131nda zorluk \u00e7ektikleri durumlarda ailelerin de yararlanabilecekleri k\u0131lavuz niteli\u011findeki y\u0131ll\u0131k <em>ara\u015ft\u0131rma raporlar\u0131n\u0131<\/em> <span style=\"color: #339966;\"><em>bilginin i\u015flevselli\u011fi<\/em><\/span> a\u00e7\u0131s\u0131ndan \u00f6nemsiyoruz.<\/p>\t\t\t\t\t\t<\/div>\n\t\t\t\t<\/div>\n\t\t\t\t\t<\/div>\n\t\t\t\t<\/div>\n\t\t\t\t\t\t\t<\/div>\n\t\t","protected":false},"excerpt":{"rendered":"<p>\u201cGen\u00e7ler gelece\u011fimizdir\u2026\u201d Z ku\u015fa\u011f\u0131 gen\u00e7lerini anlamak \u00f6nemlidir. Anlamak i\u00e7in gen\u00e7lere bilimsel metodoloji zemininde sormak, s\u00fcrece onlar\u0131 dahil ederek ara\u015ft\u0131rma yapmak&#8230;<\/p>\n","protected":false},"author":1,"featured_media":0,"parent":48468,"menu_order":0,"comment_status":"closed","ping_status":"closed","template":"","meta":{"footnotes":""},"class_list":["post-48470","page","type-page","status-publish","hentry"],"aioseo_notices":[],"_links":{"self":[{"href":"https:\/\/zenar.com.tr\/index.php\/wp-json\/wp\/v2\/pages\/48470","targetHints":{"allow":["GET"]}}],"collection":[{"href":"https:\/\/zenar.com.tr\/index.php\/wp-json\/wp\/v2\/pages"}],"about":[{"href":"https:\/\/zenar.com.tr\/index.php\/wp-json\/wp\/v2\/types\/page"}],"author":[{"embeddable":true,"href":"https:\/\/zenar.com.tr\/index.php\/wp-json\/wp\/v2\/users\/1"}],"replies":[{"embeddable":true,"href":"https:\/\/zenar.com.tr\/index.php\/wp-json\/wp\/v2\/comments?post=48470"}],"version-history":[{"count":13,"href":"https:\/\/zenar.com.tr\/index.php\/wp-json\/wp\/v2\/pages\/48470\/revisions"}],"predecessor-version":[{"id":48594,"href":"https:\/\/zenar.com.tr\/index.php\/wp-json\/wp\/v2\/pages\/48470\/revisions\/48594"}],"up":[{"embeddable":true,"href":"https:\/\/zenar.com.tr\/index.php\/wp-json\/wp\/v2\/pages\/48468"}],"wp:attachment":[{"href":"https:\/\/zenar.com.tr\/index.php\/wp-json\/wp\/v2\/media?parent=48470"}],"curies":[{"name":"wp","href":"https:\/\/api.w.org\/{rel}","templated":true}]}}