{"id":10784,"date":"2022-10-09T10:20:37","date_gmt":"2022-10-09T10:20:37","guid":{"rendered":"https:\/\/kodesolution.com\/2022\/orgonic\/?page_id=10784"},"modified":"2023-12-20T21:33:32","modified_gmt":"2023-12-20T18:33:32","slug":"hakkimizda","status":"publish","type":"page","link":"https:\/\/zenar.com.tr\/index.php\/hakkimizda\/","title":{"rendered":"Hakk\u0131m\u0131zda"},"content":{"rendered":"\t\t<div data-elementor-type=\"wp-page\" data-elementor-id=\"10784\" class=\"elementor elementor-10784\" data-elementor-post-type=\"page\">\n\t\t\t\t\t\t\t\t\t<section class=\"elementor-section elementor-top-section elementor-element elementor-element-e748905 elementor-section-stretched elementor-section-boxed elementor-section-height-default elementor-section-height-default tm-col-stretched-none tm-bg-color-over-image\" data-id=\"e748905\" data-element_type=\"section\" data-settings=\"{&quot;stretch_section&quot;:&quot;section-stretched&quot;,&quot;background_background&quot;:&quot;classic&quot;,&quot;shape_divider_bottom&quot;:&quot;book&quot;,&quot;shape_divider_bottom_negative&quot;:&quot;yes&quot;}\">\n\t\t\t\t\t\t\t<div class=\"elementor-background-overlay\"><\/div>\n\t\t\t\t\t\t<div class=\"elementor-shape elementor-shape-bottom\" data-negative=\"true\">\n\t\t\t<svg xmlns=\"http:\/\/www.w3.org\/2000\/svg\" viewBox=\"0 0 1000 100\" preserveAspectRatio=\"none\">\n\t<path class=\"elementor-shape-fill\" d=\"M806,94.7C619.5,90,500,20.3,500,1.7c-1,18.6-117.5,88.3-306,93C92,97.2,0,97.9,0,97.9v-0l0,0v2.3h1000v-2.3 C1000,97.7,920.3,97.6,806,94.7z M350,65.1L350,65.1L350,65.1L350,65.1z\"\/>\n<\/svg>\n\t\t<\/div>\n\t\t\t\t\t<div class=\"elementor-container elementor-column-gap-extended\">\n\t\t\t\t\t<div class=\"elementor-column elementor-col-100 elementor-top-column elementor-element elementor-element-36d5c47 tm-bg-color-over-image\" data-id=\"36d5c47\" data-element_type=\"column\">\n\t\t\t<div class=\"elementor-widget-wrap elementor-element-populated\">\n\t\t\t\t\t\t\t\t<div class=\"elementor-element elementor-element-c48f5c3 horizontal-line-align-left vertical-line-align-bottom elementor-widget elementor-widget-tm-ele-section-title\" data-id=\"c48f5c3\" data-element_type=\"widget\" data-widget_type=\"tm-ele-section-title.default\">\n\t\t\t\t<div class=\"elementor-widget-container\">\n\t\t\t<div class=\"tm-sc-section-title section-title line-right-current-theme \">\r\n\t<div class=\"title-wrapper\">\r\n\t\t\t\t\t\t<h6 class=\"subtitle \">\r\n\r\n\t\t\r\n\t\tZENAR\t<\/h6>\r\n\t\t\t\t<h2 class=\"title \">\r\n\r\n\t\t\r\n\t\t\t\t<span class=\"title-part1 \">\u201c\u00d6l\u00e7emedi\u011fini Y\u00f6netemezsin\u201d<\/span>\r\n\t\t\t\t\r\n\t\t\r\n\t<\/h2>\r\n\t<div class=\"title-seperator-line\"><\/div>\t\t\t\t\t\t<\/div>\r\n<\/div>\t\t<\/div>\n\t\t\t\t<\/div>\n\t\t\t\t<div class=\"elementor-element elementor-element-271167a elementor-widget elementor-widget-tm-ele-text-editor\" data-id=\"271167a\" data-element_type=\"widget\" data-widget_type=\"tm-ele-text-editor.default\">\n\t\t\t\t<div class=\"elementor-widget-container\">\n\t\t\t\t\t<div class=\"tm-text-editor\">\r\n\t\t<p style=\"text-align: justify;\">Bilimsel Bilgi \u00fcretmede yenilik\u00e7i bak\u0131\u015f a\u00e7\u0131lar\u0131n\u0131 s\u00fcrece dahil ederek \u00e7\u00f6z\u00fcmler sunuyoruz; \u201c\u00d6l\u00e7emedi\u011fini Y\u00f6netemezsin\u201d mottosuyla yola \u00e7\u0131kan hem ara\u015ft\u0131rma, \u00f6l\u00e7\u00fcmleme ve \u00f6l\u00e7ek geli\u015ftirme hem dan\u0131\u015fmanl\u0131k hizmeti sunan, Z ku\u015fa\u011f\u0131 gen\u00e7lerini t\u00fcm \u00e7al\u0131\u015fma s\u00fcre\u00e7lerimizin oda\u011f\u0131na koyarak \u00e7\u00f6z\u00fcmler \u00fcreten yenilik\u00e7i bir kurulu\u015fuz.\u00a0 Z ku\u015fa\u011f\u0131 dahil olmak \u00fczere t\u00fcm ku\u015faklar\u0131n ileti\u015fimini \u00f6nemsiyoruz ve ZENAR ile \u00e7\u00f6z\u00fcm ortakl\u0131\u011f\u0131nda son nokta diyoruz.<\/p><p style=\"text-align: justify;\"><strong>Neler Yap\u0131yoruz?<\/strong><\/p><p style=\"text-align: justify;\">Ge\u00e7erli ve g\u00fcvenilir, modellenebilir ve do\u011frulanabilir psikometrik \u00f6l\u00e7ekler geli\u015ftiriyoruz. Alg\u0131lar \u00f6nemlidir ve alg\u0131lar\u0131n y\u00f6netilebilmesi i\u00e7in do\u011fru anla\u015f\u0131lmas\u0131 gerekliliktir. Bu noktada, alg\u0131lar\u0131n \u00f6l\u00e7\u00fclmesi, somut ve g\u00fcvenilir bilgiye d\u00f6n\u00fc\u015ft\u00fcr\u00fclmesi noktas\u0131nda ZENAR \u00f6l\u00e7ek geli\u015ftirme hizmetiyle \u00e7\u00f6z\u00fcmler sunar.<\/p><p style=\"text-align: justify;\">Ku\u015faklar\u0131n ileti\u015fimi toplumsal biraradal\u0131k ve toplumsal haf\u0131za a\u00e7\u0131s\u0131ndan \u00f6nemlidir. Etkili ileti\u015fim tekniklerinden kamusal ileti\u015fime, zaman y\u00f6netiminden motivasyon y\u00f6netimine kadar pek \u00e7ok konuda dan\u0131\u015fmanl\u0131k hizmeti sa\u011fl\u0131yoruz. Gen\u00e7ler gelece\u011fimizdir. Do\u011fru dil kullanmak her kap\u0131y\u0131 a\u00e7ar. Dijitalle\u015fme, i\u015f s\u00fcre\u00e7lerinde pek \u00e7ok kolayl\u0131\u011f\u0131 sa\u011flasa da dijital \u00e7a\u011fda ku\u015faklar aras\u0131 ileti\u015fimin zorla\u015ft\u0131\u011f\u0131n\u0131n fark\u0131nday\u0131z. ZENAR olarak, ileti\u015fimden tekni\u011fe pek \u00e7ok konuda dan\u0131\u015fmanl\u0131k hizmeti sa\u011flamay\u0131 ve <span style=\"color: #333399;\"><em>tecr\u00fcbe payla\u015f\u0131m\u0131n\u0131<\/em><\/span> \u00f6nemsiyoruz.<\/p><p style=\"text-align: justify;\">Ara\u015ft\u0131rma s\u00fcre\u00e7lerinde g\u00fcndemi takip etmek, kamuoyunun g\u00f6r\u00fc\u015f\u00fcn\u00fc ge\u00e7erli ve g\u00fcvenilir \u00f6l\u00e7\u00fcm ara\u00e7lar\u0131 arac\u0131l\u0131\u011f\u0131yla alarak bilimsel bilgiye d\u00f6n\u00fc\u015ft\u00fcrmek ve uygun bilimsel metodoloji ve kuramlar \u00e7er\u00e7evesinde bilgiyi yorumlamak \u00f6nemlidir ve yetkinlik gerektirir. ZENAR bu noktada, yetkin, akademik ve pratikte i\u015flevsel bir kurulu\u015f olarak hizmet sunmaktad\u0131r.<\/p><p style=\"text-align: justify;\"><strong>Misyonumuz:<\/strong> \u00d6l\u00e7ek geli\u015ftirme, ara\u015ft\u0131rma ve dan\u0131\u015fmanl\u0131k alanlar\u0131nda m\u00fc\u015fterilerin ihtiya\u00e7lar\u0131na y\u00f6nelik hizmet sa\u011flayarak ge\u00e7erli ve g\u00fcvenilir bilimsel bilgi elde etmek ve ihtiyaca y\u00f6nelik modellenebilir \u00f6l\u00e7ekler geli\u015ftirmektir.<\/p><p style=\"text-align: justify;\"><strong>Vizyonumuz:<\/strong> Ulusal ve uluslararas\u0131 arenada, \u00f6l\u00e7ek geli\u015ftirme ve bilimsel bilgi \u00fcretmede g\u00fcvenilir, yenilik\u00e7i ve \u00f6nc\u00fc kurum olmakt\u0131r.<\/p>\t\t<\/div>\r\n\t\t\t<\/div>\n\t\t\t\t<\/div>\n\t\t\t\t\t<\/div>\n\t\t<\/div>\n\t\t\t\t\t\t\t<\/div>\n\t\t<\/section>\n\t\t\t\t\t\t\t<\/div>\n\t\t","protected":false},"excerpt":{"rendered":"<p>ZENAR \u201c\u00d6l\u00e7emedi\u011fini Y\u00f6netemezsin\u201d Bilimsel Bilgi \u00fcretmede yenilik\u00e7i bak\u0131\u015f a\u00e7\u0131lar\u0131n\u0131 s\u00fcrece dahil ederek \u00e7\u00f6z\u00fcmler sunuyoruz; \u201c\u00d6l\u00e7emedi\u011fini Y\u00f6netemezsin\u201d mottosuyla yola \u00e7\u0131kan hem&#8230;<\/p>\n","protected":false},"author":1,"featured_media":0,"parent":0,"menu_order":0,"comment_status":"closed","ping_status":"closed","template":"","meta":{"footnotes":""},"class_list":["post-10784","page","type-page","status-publish","hentry"],"aioseo_notices":[],"_links":{"self":[{"href":"https:\/\/zenar.com.tr\/index.php\/wp-json\/wp\/v2\/pages\/10784","targetHints":{"allow":["GET"]}}],"collection":[{"href":"https:\/\/zenar.com.tr\/index.php\/wp-json\/wp\/v2\/pages"}],"about":[{"href":"https:\/\/zenar.com.tr\/index.php\/wp-json\/wp\/v2\/types\/page"}],"author":[{"embeddable":true,"href":"https:\/\/zenar.com.tr\/index.php\/wp-json\/wp\/v2\/users\/1"}],"replies":[{"embeddable":true,"href":"https:\/\/zenar.com.tr\/index.php\/wp-json\/wp\/v2\/comments?post=10784"}],"version-history":[{"count":14,"href":"https:\/\/zenar.com.tr\/index.php\/wp-json\/wp\/v2\/pages\/10784\/revisions"}],"predecessor-version":[{"id":48606,"href":"https:\/\/zenar.com.tr\/index.php\/wp-json\/wp\/v2\/pages\/10784\/revisions\/48606"}],"wp:attachment":[{"href":"https:\/\/zenar.com.tr\/index.php\/wp-json\/wp\/v2\/media?parent=10784"}],"curies":[{"name":"wp","href":"https:\/\/api.w.org\/{rel}","templated":true}]}}